{"id":8,"date":"2021-10-26T06:17:42","date_gmt":"2021-10-26T06:17:42","guid":{"rendered":"https:\/\/psplubienia.eu\/?page_id=8"},"modified":"2021-11-19T17:27:08","modified_gmt":"2021-11-19T17:27:08","slug":"klasy","status":"publish","type":"page","link":"https:\/\/psplubienia.eu\/?page_id=8","title":{"rendered":"Szko\u0142a"},"content":{"rendered":"\n<ul class=\"wp-block-list\"><li>klasa 0  &#8211;  9 uczni\u00f3w &#8211; Wych.  Iwona Rurarz <\/li><li>klasa 1  &#8211; 14 uczni\u00f3w &#8211; Wych. Katarzyna Zaj\u0105c<\/li><li>klasa 2  &#8211; 11 uczni\u00f3w &#8211; Wych. Marzena Wi\u015bniewska <\/li><li>klasa 3  &#8211; 14 uczni\u00f3w &#8211; Wych. Katarzyna Doroszy\u0144ska <\/li><li>klasa 4  &#8211; 14 uczni\u00f3w &#8211; Wych. Jolanta Lipa<\/li><li>klasa 5  &#8211;  8 uczni\u00f3w &#8211; Wych. Dariusz Borycki<\/li><li>klasa 6  &#8211; 16 uczni\u00f3w &#8211; Wych. Agnieszka Lotko<\/li><li>klasa 7  &#8211; 13 uczni\u00f3w &#8211; Wych. Ewa Drza\u0142a<\/li><li>klasa 8  &#8211; 18 uczni\u00f3w- Wych. Beata Kutera<\/li><\/ul>\n","protected":false},"excerpt":{"rendered":"<p>klasa 0 &#8211; 9 uczni\u00f3w &#8211; Wych. Iwona Rurarz klasa 1 &#8211; 14 uczni\u00f3w &#8211; Wych. Katarzyna Zaj\u0105c klasa 2 &#8211; 11 uczni\u00f3w &#8211; Wych. Marzena Wi\u015bniewska klasa 3 &#8211; 14 uczni\u00f3w &#8211; Wych. Katarzyna Doroszy\u0144ska klasa 4 &#8211; 14 uczni\u00f3w &#8211; Wych. Jolanta Lipa klasa 5 &#8211; 8 uczni\u00f3w &#8211; Wych. Dariusz Borycki klasa [&hellip;]<\/p>\n","protected":false},"author":2,"featured_media":0,"parent":0,"menu_order":14,"comment_status":"closed","ping_status":"closed","template":"","meta":{"footnotes":""},"class_list":["post-8","page","type-page","status-publish","hentry"],"_links":{"self":[{"href":"https:\/\/psplubienia.eu\/index.php?rest_route=\/wp\/v2\/pages\/8","targetHints":{"allow":["GET"]}}],"collection":[{"href":"https:\/\/psplubienia.eu\/index.php?rest_route=\/wp\/v2\/pages"}],"about":[{"href":"https:\/\/psplubienia.eu\/index.php?rest_route=\/wp\/v2\/types\/page"}],"author":[{"embeddable":true,"href":"https:\/\/psplubienia.eu\/index.php?rest_route=\/wp\/v2\/users\/2"}],"replies":[{"embeddable":true,"href":"https:\/\/psplubienia.eu\/index.php?rest_route=%2Fwp%2Fv2%2Fcomments&post=8"}],"version-history":[{"count":4,"href":"https:\/\/psplubienia.eu\/index.php?rest_route=\/wp\/v2\/pages\/8\/revisions"}],"predecessor-version":[{"id":470,"href":"https:\/\/psplubienia.eu\/index.php?rest_route=\/wp\/v2\/pages\/8\/revisions\/470"}],"wp:attachment":[{"href":"https:\/\/psplubienia.eu\/index.php?rest_route=%2Fwp%2Fv2%2Fmedia&parent=8"}],"curies":[{"name":"wp","href":"https:\/\/api.w.org\/{rel}","templated":true}]}}