{"id":811,"date":"2021-12-09T13:16:58","date_gmt":"2021-12-09T13:16:58","guid":{"rendered":"https:\/\/psplubienia.eu\/?page_id=811"},"modified":"2021-12-09T13:16:58","modified_gmt":"2021-12-09T13:16:58","slug":"bialo-czerwona-akcja-radia-czworki","status":"publish","type":"page","link":"https:\/\/psplubienia.eu\/?page_id=811","title":{"rendered":"&#8222;Bia\u0142o-czerwona&#8221; akcja Radia czw\u00f3rki"},"content":{"rendered":"\n<p><\/p>\n\n\n\n<figure class=\"wp-block-image size-full is-resized\"><img loading=\"lazy\" decoding=\"async\" src=\"https:\/\/psplubienia.eu\/wp-content\/uploads\/2021\/12\/256374107_2151850254969076_3908291364836393952_n-1.png\" alt=\"\" class=\"wp-image-813\" width=\"557\" height=\"467\" srcset=\"https:\/\/psplubienia.eu\/wp-content\/uploads\/2021\/12\/256374107_2151850254969076_3908291364836393952_n-1.png 940w, https:\/\/psplubienia.eu\/wp-content\/uploads\/2021\/12\/256374107_2151850254969076_3908291364836393952_n-1-300x251.png 300w, https:\/\/psplubienia.eu\/wp-content\/uploads\/2021\/12\/256374107_2151850254969076_3908291364836393952_n-1-768x644.png 768w\" sizes=\"auto, (max-width: 557px) 100vw, 557px\" \/><\/figure>\n\n\n\n<p>Nasza szko\u0142a poprzez zesp\u00f3\u0142 wokalny wzi\u0119\u0142a udzia\u0142 w wyzwaniu z okazji \u015awi\u0119ta Niepodleg\u0142o\u015bci wykonuj\u0105c nagranie piosenki &#8222;Bia\u0142o-czerwona&#8221; umieszczaj\u0105c je na naszym fb z hasztagiem 4czw\u00f3rka. <a href=\"https:\/\/www.facebook.com\/hashtag\/4czworka?__eep__=6&amp;__cft__[0]=AZVAlb77A296fpJSJ4EC7xnUuGSkTi2d6CIYeMpQFDpWdy7USQMvbqTWLphsZji5S6r0FTWMskX95LytR9lYF5S5GjYG-Sevtms_Am1Mtx0ZmpzdX8LescnXIFwoXncHWHZTAN9q8rF2ktZ7niuXKDGK9L6Hds_JWRR7WwLUKLz9KuBPVoBhwx89yw-FZOAVnAJJLyjNTKvdNNbYNFFFMFWFFVvUphAKw1Nzyb_hqXVLGg&amp;__tn__=*NK-R\">#4czworka<\/a><a href=\"https:\/\/www.facebook.com\/4czworka\/posts\/2151854368301998?__cft__[0]=AZVAlb77A296fpJSJ4EC7xnUuGSkTi2d6CIYeMpQFDpWdy7USQMvbqTWLphsZji5S6r0FTWMskX95LytR9lYF5S5GjYG-Sevtms_Am1Mtx0ZmpzdX8LescnXIFwoXncHWHZTAN9q8rF2ktZ7niuXKDGK9L6Hds_JWRR7WwLUKLz9KuBPVoBhwx89yw-FZOAVnAJJLyjNTKvdNNbYNFFFMFWFFVvUphAKw1Nzyb_hqXVLGg&amp;__tn__=-UK-R\">https:\/\/www.facebook.com\/4czworka\/posts\/2151854368301998<\/a><\/p>\n\n\n\n<p><\/p>\n\n\n\n<p><\/p>\n","protected":false},"excerpt":{"rendered":"<p>Nasza szko\u0142a poprzez zesp\u00f3\u0142 wokalny wzi\u0119\u0142a udzia\u0142 w wyzwaniu z okazji \u015awi\u0119ta Niepodleg\u0142o\u015bci wykonuj\u0105c nagranie piosenki &#8222;Bia\u0142o-czerwona&#8221; umieszczaj\u0105c je na naszym fb z hasztagiem 4czw\u00f3rka. #4czworkahttps:\/\/www.facebook.com\/4czworka\/posts\/2151854368301998<\/p>\n","protected":false},"author":10,"featured_media":0,"parent":0,"menu_order":1,"comment_status":"closed","ping_status":"closed","template":"","meta":{"footnotes":""},"class_list":["post-811","page","type-page","status-publish","hentry"],"_links":{"self":[{"href":"https:\/\/psplubienia.eu\/index.php?rest_route=\/wp\/v2\/pages\/811","targetHints":{"allow":["GET"]}}],"collection":[{"href":"https:\/\/psplubienia.eu\/index.php?rest_route=\/wp\/v2\/pages"}],"about":[{"href":"https:\/\/psplubienia.eu\/index.php?rest_route=\/wp\/v2\/types\/page"}],"author":[{"embeddable":true,"href":"https:\/\/psplubienia.eu\/index.php?rest_route=\/wp\/v2\/users\/10"}],"replies":[{"embeddable":true,"href":"https:\/\/psplubienia.eu\/index.php?rest_route=%2Fwp%2Fv2%2Fcomments&post=811"}],"version-history":[{"count":2,"href":"https:\/\/psplubienia.eu\/index.php?rest_route=\/wp\/v2\/pages\/811\/revisions"}],"predecessor-version":[{"id":815,"href":"https:\/\/psplubienia.eu\/index.php?rest_route=\/wp\/v2\/pages\/811\/revisions\/815"}],"wp:attachment":[{"href":"https:\/\/psplubienia.eu\/index.php?rest_route=%2Fwp%2Fv2%2Fmedia&parent=811"}],"curies":[{"name":"wp","href":"https:\/\/api.w.org\/{rel}","templated":true}]}}